{"id":916,"date":"2022-02-01T06:58:23","date_gmt":"2022-02-01T04:58:23","guid":{"rendered":"https:\/\/aboprint.sivustamo.dev\/hem\/"},"modified":"2024-11-14T19:28:26","modified_gmt":"2024-11-14T17:28:26","slug":"hem","status":"publish","type":"page","link":"https:\/\/aboprint.fi\/sv\/","title":{"rendered":"Hem"},"content":{"rendered":"\t\t<div data-elementor-type=\"wp-page\" data-elementor-id=\"916\" class=\"elementor elementor-916 elementor-2\" data-elementor-post-type=\"page\">\n\t\t\t\t<div class=\"elementor-element elementor-element-51f0f47 e-flex e-con-boxed e-con e-parent\" data-id=\"51f0f47\" data-element_type=\"container\" data-e-type=\"container\" data-settings=\"{&quot;background_background&quot;:&quot;classic&quot;,&quot;jet_parallax_layout_list&quot;:[]}\">\n\t\t\t\t\t<div class=\"e-con-inner\">\n\t\t\t\t<div class=\"elementor-element elementor-element-df1dd71 elementor-widget elementor-widget-heading\" data-id=\"df1dd71\" data-element_type=\"widget\" data-e-type=\"widget\" data-widget_type=\"heading.default\">\n\t\t\t\t<div class=\"elementor-widget-container\">\n\t\t\t\t\t<h1 class=\"elementor-heading-title elementor-size-default\">M\u00e5ngsidiga tryckprodukter fr\u00e5n design till h\u00f6gkvalitativa resultat!<\/h1>\t\t\t\t<\/div>\n\t\t\t\t<\/div>\n\t\t\t\t<div class=\"elementor-element elementor-element-c3ef782 elementor-widget elementor-widget-heading\" data-id=\"c3ef782\" data-element_type=\"widget\" data-e-type=\"widget\" data-widget_type=\"heading.default\">\n\t\t\t\t<div class=\"elementor-widget-container\">\n\t\t\t\t\t<span class=\"elementor-heading-title elementor-size-default\">Snabbt och enkelt. Utan att kompromissa med servicen.<\/span>\t\t\t\t<\/div>\n\t\t\t\t<\/div>\n\t\t\t\t\t<\/div>\n\t\t\t\t<\/div>\n\t\t<div class=\"elementor-element elementor-element-5144751 osiomargin e-flex e-con-boxed e-con e-parent\" data-id=\"5144751\" data-element_type=\"container\" data-e-type=\"container\" data-settings=\"{&quot;jet_parallax_layout_list&quot;:[]}\">\n\t\t\t\t\t<div class=\"e-con-inner\">\n\t\t\t\t<div class=\"elementor-element elementor-element-aff5ba3 elementor-widget elementor-widget-text-editor\" data-id=\"aff5ba3\" data-element_type=\"widget\" data-e-type=\"widget\" data-widget_type=\"text-editor.default\">\n\t\t\t\t<div class=\"elementor-widget-container\">\n\t\t\t\t\t\t\t\t\t<p>Vi har en l\u00e5ng erfarenhet av s\u00e5v\u00e4l tejpnings- och skyltningsarbeten som av trycksaker och textiltryck.<\/p>\n<p>V\u00e5rt team betj\u00e4nar likv\u00e4l med b\u00e5de stora som med sm\u00e5 uppdrag.<\/p>\n<p>Vi \u00e4r tv\u00e5spr\u00e5kiga och v\u00e5ra utrymmen \u00e4r i Pargas beh\u00e4ndigt vid Sk\u00e4rg\u00e5rdsv\u00e4gen.<\/p>\n\t\t\t\t\t\t\t\t<\/div>\n\t\t\t\t<\/div>\n\t\t\t\t\t<\/div>\n\t\t\t\t<\/div>\n\t\t<div class=\"elementor-element elementor-element-223d26e e-flex e-con-boxed e-con e-parent\" data-id=\"223d26e\" data-element_type=\"container\" data-e-type=\"container\" data-settings=\"{&quot;jet_parallax_layout_list&quot;:[]}\">\n\t\t\t\t\t<div class=\"e-con-inner\">\n\t\t\t\t<div class=\"elementor-element elementor-element-d764f45 elementor-widget elementor-widget-heading\" data-id=\"d764f45\" data-element_type=\"widget\" data-e-type=\"widget\" data-widget_type=\"heading.default\">\n\t\t\t\t<div class=\"elementor-widget-container\">\n\t\t\t\t\t<h2 class=\"elementor-heading-title elementor-size-default\">V\u00e5ra produkter och tj\u00e4nster<\/h2>\t\t\t\t<\/div>\n\t\t\t\t<\/div>\n\t\t\t\t\t<\/div>\n\t\t\t\t<\/div>\n\t\t<div class=\"elementor-element elementor-element-a2c08d3 e-grid e-con-full e-con e-parent\" data-id=\"a2c08d3\" data-element_type=\"container\" data-e-type=\"container\" data-settings=\"{&quot;jet_parallax_layout_list&quot;:[]}\">\n\t\t<a class=\"elementor-element elementor-element-db071ce e-con-full e-transform e-transform e-flex e-con e-child\" data-id=\"db071ce\" data-element_type=\"container\" data-e-type=\"container\" data-settings=\"{&quot;background_background&quot;:&quot;classic&quot;,&quot;jet_parallax_layout_list&quot;:[],&quot;_transform_translateY_effect_hover&quot;:{&quot;unit&quot;:&quot;px&quot;,&quot;size&quot;:-6,&quot;sizes&quot;:[]},&quot;_transform_translateX_effect&quot;:{&quot;unit&quot;:&quot;px&quot;,&quot;size&quot;:&quot;&quot;,&quot;sizes&quot;:[]},&quot;_transform_translateX_effect_laptop&quot;:{&quot;unit&quot;:&quot;px&quot;,&quot;size&quot;:&quot;&quot;,&quot;sizes&quot;:[]},&quot;_transform_translateX_effect_tablet&quot;:{&quot;unit&quot;:&quot;px&quot;,&quot;size&quot;:&quot;&quot;,&quot;sizes&quot;:[]},&quot;_transform_translateX_effect_mobile&quot;:{&quot;unit&quot;:&quot;px&quot;,&quot;size&quot;:&quot;&quot;,&quot;sizes&quot;:[]},&quot;_transform_translateY_effect&quot;:{&quot;unit&quot;:&quot;px&quot;,&quot;size&quot;:&quot;&quot;,&quot;sizes&quot;:[]},&quot;_transform_translateY_effect_laptop&quot;:{&quot;unit&quot;:&quot;px&quot;,&quot;size&quot;:&quot;&quot;,&quot;sizes&quot;:[]},&quot;_transform_translateY_effect_tablet&quot;:{&quot;unit&quot;:&quot;px&quot;,&quot;size&quot;:&quot;&quot;,&quot;sizes&quot;:[]},&quot;_transform_translateY_effect_mobile&quot;:{&quot;unit&quot;:&quot;px&quot;,&quot;size&quot;:&quot;&quot;,&quot;sizes&quot;:[]},&quot;_transform_translateX_effect_hover&quot;:{&quot;unit&quot;:&quot;px&quot;,&quot;size&quot;:&quot;&quot;,&quot;sizes&quot;:[]},&quot;_transform_translateX_effect_hover_laptop&quot;:{&quot;unit&quot;:&quot;px&quot;,&quot;size&quot;:&quot;&quot;,&quot;sizes&quot;:[]},&quot;_transform_translateX_effect_hover_tablet&quot;:{&quot;unit&quot;:&quot;px&quot;,&quot;size&quot;:&quot;&quot;,&quot;sizes&quot;:[]},&quot;_transform_translateX_effect_hover_mobile&quot;:{&quot;unit&quot;:&quot;px&quot;,&quot;size&quot;:&quot;&quot;,&quot;sizes&quot;:[]},&quot;_transform_translateY_effect_hover_laptop&quot;:{&quot;unit&quot;:&quot;px&quot;,&quot;size&quot;:&quot;&quot;,&quot;sizes&quot;:[]},&quot;_transform_translateY_effect_hover_tablet&quot;:{&quot;unit&quot;:&quot;px&quot;,&quot;size&quot;:&quot;&quot;,&quot;sizes&quot;:[]},&quot;_transform_translateY_effect_hover_mobile&quot;:{&quot;unit&quot;:&quot;px&quot;,&quot;size&quot;:&quot;&quot;,&quot;sizes&quot;:[]}}\" href=\"https:\/\/aboprint.fi\/tuotteet\/painotuotteet\/\">\n\t\t\t\t<div class=\"elementor-element elementor-element-a676785 elementor-widget elementor-widget-heading\" data-id=\"a676785\" data-element_type=\"widget\" data-e-type=\"widget\" data-widget_type=\"heading.default\">\n\t\t\t\t<div class=\"elementor-widget-container\">\n\t\t\t\t\t<h2 class=\"elementor-heading-title elementor-size-default\">Trycksaker<\/h2>\t\t\t\t<\/div>\n\t\t\t\t<\/div>\n\t\t\t\t<\/a>\n\t\t<a class=\"elementor-element elementor-element-7c6e779 e-con-full e-transform e-flex e-con e-child\" data-id=\"7c6e779\" data-element_type=\"container\" data-e-type=\"container\" data-settings=\"{&quot;background_background&quot;:&quot;classic&quot;,&quot;jet_parallax_layout_list&quot;:[],&quot;_transform_translateY_effect_hover&quot;:{&quot;unit&quot;:&quot;px&quot;,&quot;size&quot;:-6,&quot;sizes&quot;:[]},&quot;_transform_translateX_effect_hover&quot;:{&quot;unit&quot;:&quot;px&quot;,&quot;size&quot;:&quot;&quot;,&quot;sizes&quot;:[]},&quot;_transform_translateX_effect_hover_laptop&quot;:{&quot;unit&quot;:&quot;px&quot;,&quot;size&quot;:&quot;&quot;,&quot;sizes&quot;:[]},&quot;_transform_translateX_effect_hover_tablet&quot;:{&quot;unit&quot;:&quot;px&quot;,&quot;size&quot;:&quot;&quot;,&quot;sizes&quot;:[]},&quot;_transform_translateX_effect_hover_mobile&quot;:{&quot;unit&quot;:&quot;px&quot;,&quot;size&quot;:&quot;&quot;,&quot;sizes&quot;:[]},&quot;_transform_translateY_effect_hover_laptop&quot;:{&quot;unit&quot;:&quot;px&quot;,&quot;size&quot;:&quot;&quot;,&quot;sizes&quot;:[]},&quot;_transform_translateY_effect_hover_tablet&quot;:{&quot;unit&quot;:&quot;px&quot;,&quot;size&quot;:&quot;&quot;,&quot;sizes&quot;:[]},&quot;_transform_translateY_effect_hover_mobile&quot;:{&quot;unit&quot;:&quot;px&quot;,&quot;size&quot;:&quot;&quot;,&quot;sizes&quot;:[]}}\" href=\"https:\/\/aboprint.fi\/tuotteet\/tekstiilit-merkinnat\/\">\n\t\t\t\t<div class=\"elementor-element elementor-element-e47bcaa elementor-widget elementor-widget-heading\" data-id=\"e47bcaa\" data-element_type=\"widget\" data-e-type=\"widget\" data-widget_type=\"heading.default\">\n\t\t\t\t<div class=\"elementor-widget-container\">\n\t\t\t\t\t<h2 class=\"elementor-heading-title elementor-size-default\">Textiler &amp; textiltryck<\/h2>\t\t\t\t<\/div>\n\t\t\t\t<\/div>\n\t\t\t\t<\/a>\n\t\t<a class=\"elementor-element elementor-element-f7148ec e-con-full e-transform e-flex e-con e-child\" data-id=\"f7148ec\" data-element_type=\"container\" data-e-type=\"container\" data-settings=\"{&quot;background_background&quot;:&quot;classic&quot;,&quot;jet_parallax_layout_list&quot;:[],&quot;_transform_translateY_effect_hover&quot;:{&quot;unit&quot;:&quot;px&quot;,&quot;size&quot;:-6,&quot;sizes&quot;:[]},&quot;_transform_translateX_effect_hover&quot;:{&quot;unit&quot;:&quot;px&quot;,&quot;size&quot;:&quot;&quot;,&quot;sizes&quot;:[]},&quot;_transform_translateX_effect_hover_laptop&quot;:{&quot;unit&quot;:&quot;px&quot;,&quot;size&quot;:&quot;&quot;,&quot;sizes&quot;:[]},&quot;_transform_translateX_effect_hover_tablet&quot;:{&quot;unit&quot;:&quot;px&quot;,&quot;size&quot;:&quot;&quot;,&quot;sizes&quot;:[]},&quot;_transform_translateX_effect_hover_mobile&quot;:{&quot;unit&quot;:&quot;px&quot;,&quot;size&quot;:&quot;&quot;,&quot;sizes&quot;:[]},&quot;_transform_translateY_effect_hover_laptop&quot;:{&quot;unit&quot;:&quot;px&quot;,&quot;size&quot;:&quot;&quot;,&quot;sizes&quot;:[]},&quot;_transform_translateY_effect_hover_tablet&quot;:{&quot;unit&quot;:&quot;px&quot;,&quot;size&quot;:&quot;&quot;,&quot;sizes&quot;:[]},&quot;_transform_translateY_effect_hover_mobile&quot;:{&quot;unit&quot;:&quot;px&quot;,&quot;size&quot;:&quot;&quot;,&quot;sizes&quot;:[]}}\" href=\"https:\/\/aboprint.fi\/tuotteet\/tarrat-kyltit\/\">\n\t\t\t\t<div class=\"elementor-element elementor-element-c031a1e elementor-widget elementor-widget-heading\" data-id=\"c031a1e\" data-element_type=\"widget\" data-e-type=\"widget\" data-widget_type=\"heading.default\">\n\t\t\t\t<div class=\"elementor-widget-container\">\n\t\t\t\t\t<h2 class=\"elementor-heading-title elementor-size-default\">Dekaler &amp; skyltar<\/h2>\t\t\t\t<\/div>\n\t\t\t\t<\/div>\n\t\t\t\t<\/a>\n\t\t<a class=\"elementor-element elementor-element-b158f39 e-con-full e-transform e-flex e-con e-child\" data-id=\"b158f39\" data-element_type=\"container\" data-e-type=\"container\" data-settings=\"{&quot;background_background&quot;:&quot;classic&quot;,&quot;jet_parallax_layout_list&quot;:[],&quot;_transform_translateY_effect_hover&quot;:{&quot;unit&quot;:&quot;px&quot;,&quot;size&quot;:-6,&quot;sizes&quot;:[]},&quot;_transform_translateX_effect_hover&quot;:{&quot;unit&quot;:&quot;px&quot;,&quot;size&quot;:&quot;&quot;,&quot;sizes&quot;:[]},&quot;_transform_translateX_effect_hover_laptop&quot;:{&quot;unit&quot;:&quot;px&quot;,&quot;size&quot;:&quot;&quot;,&quot;sizes&quot;:[]},&quot;_transform_translateX_effect_hover_tablet&quot;:{&quot;unit&quot;:&quot;px&quot;,&quot;size&quot;:&quot;&quot;,&quot;sizes&quot;:[]},&quot;_transform_translateX_effect_hover_mobile&quot;:{&quot;unit&quot;:&quot;px&quot;,&quot;size&quot;:&quot;&quot;,&quot;sizes&quot;:[]},&quot;_transform_translateY_effect_hover_laptop&quot;:{&quot;unit&quot;:&quot;px&quot;,&quot;size&quot;:&quot;&quot;,&quot;sizes&quot;:[]},&quot;_transform_translateY_effect_hover_tablet&quot;:{&quot;unit&quot;:&quot;px&quot;,&quot;size&quot;:&quot;&quot;,&quot;sizes&quot;:[]},&quot;_transform_translateY_effect_hover_mobile&quot;:{&quot;unit&quot;:&quot;px&quot;,&quot;size&quot;:&quot;&quot;,&quot;sizes&quot;:[]}}\" href=\"https:\/\/aboprint.fi\/sporttinappi\/\">\n\t\t\t\t<div class=\"elementor-element elementor-element-ff9b4de elementor-widget elementor-widget-heading\" data-id=\"ff9b4de\" data-element_type=\"widget\" data-e-type=\"widget\" data-widget_type=\"heading.default\">\n\t\t\t\t<div class=\"elementor-widget-container\">\n\t\t\t\t\t<h2 class=\"elementor-heading-title elementor-size-default\">Sporttinappi.fi<\/h2>\t\t\t\t<\/div>\n\t\t\t\t<\/div>\n\t\t\t\t<\/a>\n\t\t\t\t<\/div>\n\t\t\t\t<\/div>\n\t\t","protected":false},"excerpt":{"rendered":"<p>M\u00e5ngsidiga tryckprodukter fr\u00e5n design till h\u00f6gkvalitativa resultat! Snabbt och enkelt. Utan att kompromissa med servicen. Vi har en l\u00e5ng erfarenhet av s\u00e5v\u00e4l tejpnings- och skyltningsarbeten som av trycksaker och textiltryck. V\u00e5rt team betj\u00e4nar likv\u00e4l med b\u00e5de stora som med sm\u00e5 uppdrag. Vi \u00e4r tv\u00e5spr\u00e5kiga och v\u00e5ra utrymmen \u00e4r i Pargas beh\u00e4ndigt vid Sk\u00e4rg\u00e5rdsv\u00e4gen. V\u00e5ra produkter [&hellip;]<\/p>\n","protected":false},"author":1,"featured_media":820,"parent":0,"menu_order":0,"comment_status":"closed","ping_status":"open","template":"","meta":{"footnotes":""},"class_list":["post-916","page","type-page","status-publish","has-post-thumbnail","hentry"],"yoast_head":"<!-- This site is optimized with the Yoast SEO plugin v27.4 - https:\/\/yoast.com\/product\/yoast-seo-wordpress\/ -->\n<title>Aboprint Oy - Mainos- &amp; painoty\u00f6t Turunmaan saaristosta<\/title>\n<meta name=\"description\" content=\"Pitk\u00e4n linjan kaksikielinen painotalo Paraisilla. Tekstiilipainatukset, teippaukset, kyltit ja painoty\u00f6t ammattitaidolla!\" \/>\n<meta name=\"robots\" content=\"index, follow, max-snippet:-1, max-image-preview:large, max-video-preview:-1\" \/>\n<link rel=\"canonical\" href=\"https:\/\/aboprint.fi\/sv\/\" \/>\n<meta property=\"og:locale\" content=\"sv_SE\" \/>\n<meta property=\"og:type\" content=\"article\" \/>\n<meta property=\"og:title\" content=\"Aboprint Oy - Mainos- &amp; painoty\u00f6t Turunmaan saaristosta\" \/>\n<meta property=\"og:description\" content=\"Pitk\u00e4n linjan kaksikielinen painotalo Paraisilla. Tekstiilipainatukset, teippaukset, kyltit ja painoty\u00f6t ammattitaidolla!\" \/>\n<meta property=\"og:url\" content=\"https:\/\/aboprint.fi\/sv\/\" \/>\n<meta property=\"og:site_name\" content=\"Aboprint Oy\" \/>\n<meta property=\"article:modified_time\" content=\"2024-11-14T17:28:26+00:00\" \/>\n<meta property=\"og:image\" content=\"https:\/\/aboprint.fi\/wp-content\/uploads\/2024\/04\/aboprint_hero-1024x518.jpg\" \/>\n<meta name=\"twitter:card\" content=\"summary_large_image\" \/>\n<meta name=\"twitter:title\" content=\"Aboprint Oy - Mainos- &amp; painoty\u00f6t Turunmaan saaristosta\" \/>\n<meta name=\"twitter:description\" content=\"Pitk\u00e4n linjan kaksikielinen painotalo Paraisilla. Tekstiilipainatukset, teippaukset, kyltit ja painoty\u00f6t ammattitaidolla!\" \/>\n<meta name=\"twitter:image\" content=\"https:\/\/aboprint.fi\/wp-content\/uploads\/2024\/04\/aboprint_hero-1024x518.jpg\" \/>\n<script type=\"application\/ld+json\" class=\"yoast-schema-graph\">{\"@context\":\"https:\\\/\\\/schema.org\",\"@graph\":[{\"@type\":\"WebPage\",\"@id\":\"https:\\\/\\\/aboprint.fi\\\/sv\\\/\",\"url\":\"https:\\\/\\\/aboprint.fi\\\/sv\\\/\",\"name\":\"Aboprint Oy - Mainos- &amp; painoty\u00f6t Turunmaan saaristosta\",\"isPartOf\":{\"@id\":\"https:\\\/\\\/aboprint.fi\\\/sv\\\/#website\"},\"primaryImageOfPage\":{\"@id\":\"https:\\\/\\\/aboprint.fi\\\/sv\\\/#primaryimage\"},\"image\":{\"@id\":\"https:\\\/\\\/aboprint.fi\\\/sv\\\/#primaryimage\"},\"thumbnailUrl\":\"https:\\\/\\\/aboprint.fi\\\/wp-content\\\/uploads\\\/2024\\\/04\\\/aboprint_hero-scaled.jpg\",\"datePublished\":\"2022-02-01T04:58:23+00:00\",\"dateModified\":\"2024-11-14T17:28:26+00:00\",\"description\":\"Pitk\u00e4n linjan kaksikielinen painotalo Paraisilla. Tekstiilipainatukset, teippaukset, kyltit ja painoty\u00f6t ammattitaidolla!\",\"breadcrumb\":{\"@id\":\"https:\\\/\\\/aboprint.fi\\\/sv\\\/#breadcrumb\"},\"inLanguage\":\"sv-SE\",\"potentialAction\":[{\"@type\":\"ReadAction\",\"target\":[\"https:\\\/\\\/aboprint.fi\\\/sv\\\/\"]}]},{\"@type\":\"ImageObject\",\"inLanguage\":\"sv-SE\",\"@id\":\"https:\\\/\\\/aboprint.fi\\\/sv\\\/#primaryimage\",\"url\":\"https:\\\/\\\/aboprint.fi\\\/wp-content\\\/uploads\\\/2024\\\/04\\\/aboprint_hero-scaled.jpg\",\"contentUrl\":\"https:\\\/\\\/aboprint.fi\\\/wp-content\\\/uploads\\\/2024\\\/04\\\/aboprint_hero-scaled.jpg\",\"width\":2560,\"height\":1296},{\"@type\":\"BreadcrumbList\",\"@id\":\"https:\\\/\\\/aboprint.fi\\\/sv\\\/#breadcrumb\",\"itemListElement\":[{\"@type\":\"ListItem\",\"position\":1,\"name\":\"Etusivu\",\"item\":\"https:\\\/\\\/aboprint.fi\\\/sv\\\/hem\\\/\"},{\"@type\":\"ListItem\",\"position\":2,\"name\":\"Hem\"}]},{\"@type\":\"WebSite\",\"@id\":\"https:\\\/\\\/aboprint.fi\\\/sv\\\/#website\",\"url\":\"https:\\\/\\\/aboprint.fi\\\/sv\\\/\",\"name\":\"Aboprint Oy\",\"description\":\"Mainos- &amp; painoty\u00f6t Turunmaan saaristosta\",\"publisher\":{\"@id\":\"https:\\\/\\\/aboprint.fi\\\/sv\\\/#organization\"},\"potentialAction\":[{\"@type\":\"SearchAction\",\"target\":{\"@type\":\"EntryPoint\",\"urlTemplate\":\"https:\\\/\\\/aboprint.fi\\\/sv\\\/?s={search_term_string}\"},\"query-input\":{\"@type\":\"PropertyValueSpecification\",\"valueRequired\":true,\"valueName\":\"search_term_string\"}}],\"inLanguage\":\"sv-SE\"},{\"@type\":\"Organization\",\"@id\":\"https:\\\/\\\/aboprint.fi\\\/sv\\\/#organization\",\"name\":\"Aboprint Oy\",\"url\":\"https:\\\/\\\/aboprint.fi\\\/sv\\\/\",\"logo\":{\"@type\":\"ImageObject\",\"inLanguage\":\"sv-SE\",\"@id\":\"https:\\\/\\\/aboprint.fi\\\/sv\\\/#\\\/schema\\\/logo\\\/image\\\/\",\"url\":\"https:\\\/\\\/aboprint.fi\\\/wp-content\\\/uploads\\\/2022\\\/02\\\/aboprint_logo.svg\",\"contentUrl\":\"https:\\\/\\\/aboprint.fi\\\/wp-content\\\/uploads\\\/2022\\\/02\\\/aboprint_logo.svg\",\"width\":388.37,\"height\":86.307,\"caption\":\"Aboprint Oy\"},\"image\":{\"@id\":\"https:\\\/\\\/aboprint.fi\\\/sv\\\/#\\\/schema\\\/logo\\\/image\\\/\"}}]}<\/script>\n<!-- \/ Yoast SEO plugin. -->","yoast_head_json":{"title":"Aboprint Oy - Mainos- &amp; painoty\u00f6t Turunmaan saaristosta","description":"Pitk\u00e4n linjan kaksikielinen painotalo Paraisilla. Tekstiilipainatukset, teippaukset, kyltit ja painoty\u00f6t ammattitaidolla!","robots":{"index":"index","follow":"follow","max-snippet":"max-snippet:-1","max-image-preview":"max-image-preview:large","max-video-preview":"max-video-preview:-1"},"canonical":"https:\/\/aboprint.fi\/sv\/","og_locale":"sv_SE","og_type":"article","og_title":"Aboprint Oy - Mainos- &amp; painoty\u00f6t Turunmaan saaristosta","og_description":"Pitk\u00e4n linjan kaksikielinen painotalo Paraisilla. Tekstiilipainatukset, teippaukset, kyltit ja painoty\u00f6t ammattitaidolla!","og_url":"https:\/\/aboprint.fi\/sv\/","og_site_name":"Aboprint Oy","article_modified_time":"2024-11-14T17:28:26+00:00","og_image":[{"url":"https:\/\/aboprint.fi\/wp-content\/uploads\/2024\/04\/aboprint_hero-1024x518.jpg","type":"","width":"","height":""}],"twitter_card":"summary_large_image","twitter_title":"Aboprint Oy - Mainos- &amp; painoty\u00f6t Turunmaan saaristosta","twitter_description":"Pitk\u00e4n linjan kaksikielinen painotalo Paraisilla. Tekstiilipainatukset, teippaukset, kyltit ja painoty\u00f6t ammattitaidolla!","twitter_image":"https:\/\/aboprint.fi\/wp-content\/uploads\/2024\/04\/aboprint_hero-1024x518.jpg","schema":{"@context":"https:\/\/schema.org","@graph":[{"@type":"WebPage","@id":"https:\/\/aboprint.fi\/sv\/","url":"https:\/\/aboprint.fi\/sv\/","name":"Aboprint Oy - Mainos- &amp; painoty\u00f6t Turunmaan saaristosta","isPartOf":{"@id":"https:\/\/aboprint.fi\/sv\/#website"},"primaryImageOfPage":{"@id":"https:\/\/aboprint.fi\/sv\/#primaryimage"},"image":{"@id":"https:\/\/aboprint.fi\/sv\/#primaryimage"},"thumbnailUrl":"https:\/\/aboprint.fi\/wp-content\/uploads\/2024\/04\/aboprint_hero-scaled.jpg","datePublished":"2022-02-01T04:58:23+00:00","dateModified":"2024-11-14T17:28:26+00:00","description":"Pitk\u00e4n linjan kaksikielinen painotalo Paraisilla. Tekstiilipainatukset, teippaukset, kyltit ja painoty\u00f6t ammattitaidolla!","breadcrumb":{"@id":"https:\/\/aboprint.fi\/sv\/#breadcrumb"},"inLanguage":"sv-SE","potentialAction":[{"@type":"ReadAction","target":["https:\/\/aboprint.fi\/sv\/"]}]},{"@type":"ImageObject","inLanguage":"sv-SE","@id":"https:\/\/aboprint.fi\/sv\/#primaryimage","url":"https:\/\/aboprint.fi\/wp-content\/uploads\/2024\/04\/aboprint_hero-scaled.jpg","contentUrl":"https:\/\/aboprint.fi\/wp-content\/uploads\/2024\/04\/aboprint_hero-scaled.jpg","width":2560,"height":1296},{"@type":"BreadcrumbList","@id":"https:\/\/aboprint.fi\/sv\/#breadcrumb","itemListElement":[{"@type":"ListItem","position":1,"name":"Etusivu","item":"https:\/\/aboprint.fi\/sv\/hem\/"},{"@type":"ListItem","position":2,"name":"Hem"}]},{"@type":"WebSite","@id":"https:\/\/aboprint.fi\/sv\/#website","url":"https:\/\/aboprint.fi\/sv\/","name":"Aboprint Oy","description":"Mainos- &amp; painoty\u00f6t Turunmaan saaristosta","publisher":{"@id":"https:\/\/aboprint.fi\/sv\/#organization"},"potentialAction":[{"@type":"SearchAction","target":{"@type":"EntryPoint","urlTemplate":"https:\/\/aboprint.fi\/sv\/?s={search_term_string}"},"query-input":{"@type":"PropertyValueSpecification","valueRequired":true,"valueName":"search_term_string"}}],"inLanguage":"sv-SE"},{"@type":"Organization","@id":"https:\/\/aboprint.fi\/sv\/#organization","name":"Aboprint Oy","url":"https:\/\/aboprint.fi\/sv\/","logo":{"@type":"ImageObject","inLanguage":"sv-SE","@id":"https:\/\/aboprint.fi\/sv\/#\/schema\/logo\/image\/","url":"https:\/\/aboprint.fi\/wp-content\/uploads\/2022\/02\/aboprint_logo.svg","contentUrl":"https:\/\/aboprint.fi\/wp-content\/uploads\/2022\/02\/aboprint_logo.svg","width":388.37,"height":86.307,"caption":"Aboprint Oy"},"image":{"@id":"https:\/\/aboprint.fi\/sv\/#\/schema\/logo\/image\/"}}]}},"_links":{"self":[{"href":"https:\/\/aboprint.fi\/sv\/wp-json\/wp\/v2\/pages\/916","targetHints":{"allow":["GET"]}}],"collection":[{"href":"https:\/\/aboprint.fi\/sv\/wp-json\/wp\/v2\/pages"}],"about":[{"href":"https:\/\/aboprint.fi\/sv\/wp-json\/wp\/v2\/types\/page"}],"author":[{"embeddable":true,"href":"https:\/\/aboprint.fi\/sv\/wp-json\/wp\/v2\/users\/1"}],"replies":[{"embeddable":true,"href":"https:\/\/aboprint.fi\/sv\/wp-json\/wp\/v2\/comments?post=916"}],"version-history":[{"count":1,"href":"https:\/\/aboprint.fi\/sv\/wp-json\/wp\/v2\/pages\/916\/revisions"}],"predecessor-version":[{"id":918,"href":"https:\/\/aboprint.fi\/sv\/wp-json\/wp\/v2\/pages\/916\/revisions\/918"}],"wp:featuredmedia":[{"embeddable":true,"href":"https:\/\/aboprint.fi\/sv\/wp-json\/wp\/v2\/media\/820"}],"wp:attachment":[{"href":"https:\/\/aboprint.fi\/sv\/wp-json\/wp\/v2\/media?parent=916"}],"curies":[{"name":"wp","href":"https:\/\/api.w.org\/{rel}","templated":true}]}}